{"id":3,"date":"2022-10-07T09:22:53","date_gmt":"2022-10-07T09:22:53","guid":{"rendered":"https:\/\/xn--anwltin-nordmann-xnb.de\/?page_id=3"},"modified":"2025-02-27T09:05:18","modified_gmt":"2025-02-27T09:05:18","slug":"privacy-policy","status":"publish","type":"page","link":"https:\/\/xn--anwltin-nordmann-xnb.de\/?page_id=3","title":{"rendered":"Datenschutz"},"content":{"rendered":"\n<p><strong>1. Name und Kontaktdaten der f\u00fcr die Verarbeitung Verantwortlichen<\/strong><br>Diese Datenschutzinformation gilt f\u00fcr die Datenverarbeitung durch folgende Verantwortliche:<\/p>\n\n\n\n<p>Rechtsanw\u00e4ltin Kiera Nordmann<\/p>\n\n\n\n<p>Ferdinand-Rhode-Str. 20, 04107 Leipzig<br>E-Mail: kontakt (at) anwaeltin-nordmann.de<br>Telefon: 0341-86382480<\/p>\n\n\n\n<p><strong>2. Erhebung und Speicherung personenbezogener Daten sowie Art und Zweck von deren Verwendung beim Besuch der Website<\/strong><br>Beim Aufrufen unserer Website https:\/\/anw\u00e4ltin-nordmann.de  werden durch den auf Ihrem Endger\u00e4t zum Einsatz kommenden Browser automatisch Informationen an den Server unserer Website gesendet. Diese Informationen werden tempor\u00e4r in einem sog. Logfile gespeichert. Folgende Informationen werden dabei ohne Ihr Zutun erfasst und bis zur automatisierten L\u00f6schung gespeichert:<br>IP-Adresse des anfragenden Rechners,<br>Datum und Uhrzeit des Zugriffs,<br>Name und URL der abgerufenen Datei,<br>Website, von der aus der Zugriff erfolgt (Referrer-URL),<br>verwendeter Browser und ggf. das Betriebssystem Ihres Rechners sowie der Name Ihres Access-Providers.<\/p>\n\n\n\n<p>Die genannten Daten werden durch uns zu folgenden Zwecken verarbeitet:<br>Gew\u00e4hrleistung eines reibungslosen Verbindungsaufbaus der Website,<br>Gew\u00e4hrleistung einer komfortablen Nutzung unserer Website,<br>Auswertung der Systemsicherheit und -stabilit\u00e4t sowie<br>zu weiteren administrativen Zwecken.<\/p>\n\n\n\n<p>Die Rechtsgrundlage f\u00fcr die Datenverarbeitung ist Art. 6 Abs. 1 S. 1 lit. f DSGVO. Unser berechtigtes Interesse folgt aus oben aufgelisteten Zwecken zur Datenerhebung. In keinem Fall verwende ich die erhobenen Daten zu dem Zweck, R\u00fcckschl\u00fcsse auf Ihre Person zu ziehen.<\/p>\n\n\n\n<p><strong>3. Weitergabe von Daten<\/strong><br>Eine \u00dcbermittlung Ihrer pers\u00f6nlichen Daten an Dritte zu anderen als den im Folgenden aufgef\u00fchrten Zwecken findet nicht statt.<\/p>\n\n\n\n<p>Ich gebe Ihre pers\u00f6nlichen Daten nur an Dritte weiter:<br>f\u00fcr den Fall, dass f\u00fcr die Weitergabe nach Art. 6 Abs. 1 S. 1 lit. c DSGVO eine gesetzliche Verpflichtung besteht, sowie dies gesetzlich zul\u00e4ssig und nach Art. 6 Abs. 1 S. 1 lit. b DSGVO f\u00fcr die Abwicklung von Vertragsverh\u00e4ltnissen mit Ihnen erforderlich ist.<\/p>\n\n\n\n<p><strong>4. Betroffenenrechte<\/strong><br>Sie haben das Recht:<br>gem\u00e4\u00df Art. 15 DSGVO Auskunft \u00fcber Ihre von uns verarbeiteten personenbezogenen Daten zu verlangen. Insbesondere k\u00f6nnen Sie Auskunft \u00fcber die Verarbeitungszwecke, die Kategorie der personenbezogenen Daten, die Kategorien von Empf\u00e4ngern, gegen\u00fcber denen Ihre Daten offengelegt wurden oder werden, die geplante Speicherdauer, das Bestehen eines Rechts auf Berichtigung, L\u00f6schung, Einschr\u00e4nkung der Verarbeitung oder Widerspruch, das Bestehen eines Beschwerderechts, die Herkunft ihrer Daten, sofern diese nicht bei uns erhoben wurden, sowie \u00fcber das Bestehen einer automatisierten Entscheidungsfindung einschlie\u00dflich Profiling und ggf. aussagekr\u00e4ftigen Informationen zu deren Einzelheiten verlangen;<br>gem\u00e4\u00df Art. 16 DSGVO unverz\u00fcglich die Berichtigung unrichtiger oder Vervollst\u00e4ndigung Ihrer bei uns gespeicherten personenbezogenen Daten zu verlangen;<br>gem\u00e4\u00df Art. 17 DSGVO die L\u00f6schung Ihrer bei uns gespeicherten personenbezogenen Daten zu verlangen, soweit nicht die Verarbeitung zur Aus\u00fcbung des Rechts auf freie Meinungs\u00e4u\u00dferung und Information, zur Erf\u00fcllung einer rechtlichen Verpflichtung, aus Gr\u00fcnden des \u00f6ffentlichen Interesses oder zur Geltendmachung, Aus\u00fcbung oder Verteidigung von Rechtsanspr\u00fcchen erforderlich ist;<br>gem\u00e4\u00df Art. 18 DSGVO die Einschr\u00e4nkung der Verarbeitung Ihrer personenbezogenen Daten zu verlangen, soweit die Richtigkeit der Daten von Ihnen bestritten wird, die Verarbeitung unrechtm\u00e4\u00dfig ist, Sie aber deren L\u00f6schung ablehnen und ich die Daten nicht mehr ben\u00f6tige, Sie jedoch diese zur Geltendmachung, Aus\u00fcbung oder Verteidigung von Rechtsanspr\u00fcchen ben\u00f6tigen oder Sie gem\u00e4\u00df Art. 21 DSGVO Widerspruch gegen die Verarbeitung eingelegt haben;<br>gem\u00e4\u00df Art. 20 DSGVO Ihre personenbezogenen Daten, die Sie uns bereitgestellt haben, in einem strukturierten, g\u00e4ngigen und maschinenlesebaren Format zu erhalten oder die \u00dcbermittlung an einen anderen Verantwortlichen zu verlangen;<br>gem\u00e4\u00df Art. 7 Abs. 3 DSGVO Ihre einmal erteilte Einwilligung jederzeit gegen\u00fcber uns zu widerrufen. Dies hat zur Folge, dass ich die Datenverarbeitung, die auf dieser Einwilligung beruhte, f\u00fcr die Zukunft nicht mehr fortf\u00fchren darf und<br>gem\u00e4\u00df Art. 77 DSGVO sich bei einer Aufsichtsbeh\u00f6rde zu beschweren. In der Regel k\u00f6nnen Sie sich hierf\u00fcr an die Aufsichtsbeh\u00f6rde Ihres \u00fcblichen Aufenthaltsortes oder Arbeitsplatzes oder unseres Kanzleisitzes wenden.<\/p>\n\n\n\n<p><strong>5. Widerspruchsrecht<\/strong><br>Sofern Ihre personenbezogenen Daten auf Grundlage von berechtigten Interessen gem\u00e4\u00df Art. 6 Abs. 1 S. 1 lit. f DSGVO verarbeitet werden, haben Sie das Recht, gem\u00e4\u00df Art. 21 DSGVO Widerspruch gegen die Verarbeitung Ihrer personenbezogenen Daten einzulegen, soweit daf\u00fcr Gr\u00fcnde vorliegen, die sich aus Ihrer besonderen Situation ergeben oder sich der Widerspruch gegen Direktwerbung richtet. Im letzteren Fall haben Sie ein generelles Widerspruchsrecht, das ohne Angabe einer besonderen Situation von uns umgesetzt wird.<\/p>\n\n\n\n<p>M\u00f6chten Sie von Ihrem Widerrufs- oder Widerspruchsrecht Gebrauch machen, gen\u00fcgt eine E-Mail an eine der oben genannten E-Mail-Adressen.<\/p>\n\n\n\n<p><strong>6. Datensicherheit<\/strong><br>Ich bediene mich im \u00dcbrigen geeigneter technischer und organisatorischer Sicherheitsma\u00dfnahmen, um Ihre Daten gegen zuf\u00e4llige oder vors\u00e4tzliche Manipulationen, teilweisen oder vollst\u00e4ndigen Verlust, Zerst\u00f6rung oder gegen den unbefugten Zugriff Dritter zu sch\u00fctzen. Unsere Sicherheitsma\u00dfnahmen werden entsprechend der technologischen Entwicklung fortlaufend verbessert.<\/p>\n\n\n\n<p><strong>7. Aktualit\u00e4t und \u00c4nderung dieser Datenschutzerkl\u00e4rung<\/strong><br>Diese Datenschutzerkl\u00e4rung ist aktuell g\u00fcltig und hat den Stand April 2021.<br>Durch die Weiterentwicklung unserer Website und Angebote dar\u00fcber oder aufgrund ge\u00e4nderter gesetzlicher beziehungsweise beh\u00f6rdlicher Vorgaben kann es notwendig werden, diese Datenschutzerkl\u00e4rung zu \u00e4ndern. Die jeweils aktuelle Datenschutzerkl\u00e4rung kann jederzeit auf der Website unter <a href=\"https:\/\/anw\u00e4ltin-nordmann.de\/?page_id=3\">https:\/\/anw\u00e4ltin-nordmann.de\/?page_id=3<\/a> von Ihnen abgerufen und ausgedruckt werden.<\/p>\n\n\n\n<p><strong>Rechtsgrundlagen:<\/strong><\/p>\n\n\n\n<p><strong>Art. 6 I 1 DSGVO: Rechtm\u00e4\u00dfigkeit der Verarbeitung<\/strong><br>(1) Die Verarbeitung ist nur rechtm\u00e4\u00dfig, wenn mindestens eine der nachstehenden Bedingungen erf\u00fcllt ist:<br>b) die Verarbeitung ist f\u00fcr die Erf\u00fcllung eines Vertrags, dessen Vertragspartei die betroffene Person ist, oder zur Durchf\u00fchrung vorvertraglicher Ma\u00dfnahmen erforderlich, die auf Anfrage der betroffenen Person erfolgen;<br>c) die Verarbeitung ist zur Erf\u00fcllung einer rechtlichen Verpflichtung erforderlich, der der Verantwortliche unterliegt;<br>f) die Verarbeitung ist zur Wahrung der berechtigten Interessen des Verantwortlichen oder eines Dritten erforderlich, sofern nicht die Interessen oder Grundrechte und Grundfreiheiten der betroffenen Person, die den Schutz personenbezogener Daten erfordern, \u00fcberwiegen, insbesondere dann, wenn es sich bei der betroffenen Person um ein Kind handelt.<\/p>\n\n\n\n<p><strong>Art. 7 III DSGVO: Bedingungen f\u00fcr die Einwilligung<\/strong><br>(3) Die betroffene Person hat das Recht, ihre Einwilligung jederzeit zu widerrufen. Durch den Widerruf der Einwilligung wird die Rechtm\u00e4\u00dfigkeit der aufgrund der Einwilligung bis zum Widerruf erfolgten Verarbeitung nicht ber\u00fchrt. Die betroffene Person wird vor Abgabe der Einwilligung hiervon in Kenntnis gesetzt. Der Widerruf der Einwilligung muss so einfach wie die Erteilung der Einwilligung sein.<\/p>\n\n\n\n<p><strong>Art. 15 DSGVO: Auskunftsrecht der betroffenen Person<\/strong><br>(1) Die betroffene Person hat das Recht, von dem Verantwortlichen eine Best\u00e4tigung dar\u00fcber zu verlangen, ob sie betreffende personenbezogene Daten verarbeitet werden; ist dies der Fall, so hat sie ein Recht auf Auskunft \u00fcber diese personenbezogenen Daten und auf folgende Informationen:<br>a) die Verarbeitungszwecke;<br>b) die Kategorien personenbezogener Daten, die verarbeitet werden;<br>c) die Empf\u00e4nger oder Kategorien von Empf\u00e4ngern, gegen\u00fcber denen die personenbezogenen Daten offengelegt worden sind oder noch offengelegt werden, insbesondere bei Empf\u00e4ngern in Drittl\u00e4ndern oder bei internationalen Organisationen;<br>d) falls m\u00f6glich die geplante Dauer, f\u00fcr die die personenbezogenen Daten gespeichert werden, oder, falls dies nicht m\u00f6glich ist, die Kriterien f\u00fcr die Festlegung dieser Dauer;<br>e) das Bestehen eines Rechts auf Berichtigung oder L\u00f6schung der sie betreffenden personenbezogenen Daten oder auf Einschr\u00e4nkung der Verarbeitung durch den Verantwortlichen oder eines Widerspruchsrechts gegen diese Verarbeitung;<br>f) das Bestehen eines Beschwerderechts bei einer Aufsichtsbeh\u00f6rde;<br>g) wenn die personenbezogenen Daten nicht bei der betroffenen Person erhoben werden, alle verf\u00fcgbaren Informationen \u00fcber die Herkunft der Daten;<br>h) das Bestehen einer automatisierten Entscheidungsfindung einschlie\u00dflich Profiling gem\u00e4\u00df Artikel <a href=\"https:\/\/dejure.org\/gesetze\/DSGVO\/22.html\">22<\/a> Abs\u00e4tze 1 und 4 und \u2013 zumindest in diesen F\u00e4llen \u2013 aussagekr\u00e4ftige Informationen \u00fcber die involvierte Logik sowie die Tragweite und die angestrebten Auswirkungen einer derartigen Verarbeitung f\u00fcr die betroffene Person.<br>(2) Werden personenbezogene Daten an ein Drittland oder an eine internationale Organisation \u00fcbermittelt, so hat die betroffene Person das Recht, \u00fcber die geeigneten Garantien gem\u00e4\u00df Artikel <a href=\"https:\/\/dejure.org\/gesetze\/DSGVO\/46.html\">46<\/a> im Zusammenhang mit der \u00dcbermittlung unterrichtet zu werden.<br>(3) Der Verantwortliche stellt eine Kopie der personenbezogenen Daten, die Gegenstand der Verarbeitung sind, zur Verf\u00fcgung. F\u00fcr alle weiteren Kopien, die die betroffene Person beantragt, kann der Verantwortliche ein angemessenes Entgelt auf der Grundlage der Verwaltungskosten verlangen. Stellt die betroffene Person den Antrag elektronisch, so sind die Informationen in einem g\u00e4ngigen elektronischen Format zur Verf\u00fcgung zu stellen, sofern sie nichts anderes angibt.<br>(4) Das Recht auf Erhalt einer Kopie gem\u00e4\u00df Absatz 3 darf die Rechte und Freiheiten anderer Personen nicht beeintr\u00e4chtigen.<\/p>\n\n\n\n<p><strong>Art. 16 DSGVO: Recht auf Berichtigung<\/strong><br>Die betroffene Person hat das Recht, von dem Verantwortlichen unverz\u00fcglich die Berichtigung sie betreffender unrichtiger personenbezogener Daten zu verlangen. Unter Ber\u00fccksichtigung der Zwecke der Verarbeitung hat die betroffene Person das Recht, die Vervollst\u00e4ndigung unvollst\u00e4ndiger personenbezogener Daten \u2013 auch mittels einer erg\u00e4nzenden Erkl\u00e4rung \u2013 zu verlangen.<\/p>\n\n\n\n<p><strong>Art. 17 DSGVO: Recht auf L\u00f6schung (\u201cRecht auf Vergessenwerden\u201d)<br><\/strong>(1) Die betroffene Person hat das Recht, von dem Verantwortlichen zu verlangen, dass sie betreffende personenbezogene Daten unverz\u00fcglich gel\u00f6scht werden, und der Verantwortliche ist verpflichtet, personenbezogene Daten unverz\u00fcglich zu l\u00f6schen, sofern einer der folgenden Gr\u00fcnde zutrifft:<br>a) Die personenbezogenen Daten sind f\u00fcr die Zwecke, f\u00fcr die sie erhoben oder auf sonstige Weise verarbeitet wurden, nicht mehr notwendig.<br>b) Die betroffene Person widerruft ihre Einwilligung, auf die sich die Verarbeitung gem\u00e4\u00df Artikel <a href=\"https:\/\/dejure.org\/gesetze\/DSGVO\/6.html\">6<\/a> Absatz 1 Buchstabe a oder Artikel 9 Absatz 2 Buchstabe a st\u00fctzte, und es fehlt an einer anderweitigen Rechtsgrundlage f\u00fcr die Verarbeitung.<br>c) Die betroffene Person legt gem\u00e4\u00df Artikel <a href=\"https:\/\/dejure.org\/gesetze\/DSGVO\/21.html\">21<\/a> Absatz 1 Widerspruch gegen die Verarbeitung ein und es liegen keine vorrangigen berechtigten Gr\u00fcnde f\u00fcr die Verarbeitung vor, oder die betroffene Person legt gem\u00e4\u00df Artikel <a href=\"https:\/\/dejure.org\/gesetze\/DSGVO\/21.html\">21<\/a> Absatz 2 Widerspruch gegen die Verarbeitung ein.<br>d) Die personenbezogenen Daten wurden unrechtm\u00e4\u00dfig verarbeitet.<br>e) Die L\u00f6schung der personenbezogenen Daten ist zur Erf\u00fcllung einer rechtlichen Verpflichtung nach dem Unionsrecht oder dem Recht der Mitgliedstaaten erforderlich, dem der Verantwortliche unterliegt.<br>f) Die personenbezogenen Daten wurden in Bezug auf angebotene Dienste der Informationsgesellschaft gem\u00e4\u00df Artikel <a href=\"https:\/\/dejure.org\/gesetze\/DSGVO\/8.html\">8<\/a> Absatz 1 erhoben.<br>(2) Hat der Verantwortliche die personenbezogenen Daten \u00f6ffentlich gemacht und ist er gem\u00e4\u00df Absatz 1 zu deren L\u00f6schung verpflichtet, so trifft er unter Ber\u00fccksichtigung der verf\u00fcgbaren Technologie und der Implementierungskosten angemessene Ma\u00dfnahmen, auch technischer Art, um f\u00fcr die Datenverarbeitung Verantwortliche, die die personenbezogenen Daten verarbeiten, dar\u00fcber zu informieren, dass eine betroffene Person von ihnen die L\u00f6schung aller Links zu diesen personenbezogenen Daten oder von Kopien oder Replikationen dieser personenbezogenen Daten verlangt hat.<br>(3) Die Abs\u00e4tze 1 und 2 gelten nicht, soweit die Verarbeitung erforderlich ist<br>a) zur Aus\u00fcbung des Rechts auf freie Meinungs\u00e4u\u00dferung und Information;<br>b) zur Erf\u00fcllung einer rechtlichen Verpflichtung, die die Verarbeitung nach dem Recht der Union oder der Mitgliedstaaten, dem der Verantwortliche unterliegt, erfordert, oder zur Wahrnehmung einer Aufgabe, die im \u00f6ffentlichen Interesse liegt oder in Aus\u00fcbung \u00f6ffentlicher Gewalt erfolgt, die dem Verantwortlichen \u00fcbertragen wurde;<br>c) aus Gr\u00fcnden des \u00f6ffentlichen Interesses im Bereich der \u00f6ffentlichen Gesundheit gem\u00e4\u00df Artikel <a href=\"https:\/\/dejure.org\/gesetze\/DSGVO\/9.html\">9<\/a> Absatz 2 Buchstaben h und i sowie Artikel <a href=\"https:\/\/dejure.org\/gesetze\/DSGVO\/9.html\">9<\/a> Absatz 3;<br>d) f\u00fcr im \u00f6ffentlichen Interesse liegende Archivzwecke, wissenschaftliche oder historische Forschungszwecke oder f\u00fcr statistische Zwecke gem\u00e4\u00df Artikel <a href=\"https:\/\/dejure.org\/gesetze\/DSGVO\/89.html\">89<\/a> Absatz 1, soweit das in Absatz 1 genannte Recht voraussichtlich die Verwirklichung der Ziele dieser Verarbeitung unm\u00f6glich macht oder ernsthaft beeintr\u00e4chtigt, oder<br>e) zur Geltendmachung, Aus\u00fcbung oder Verteidigung von Rechtsanspr\u00fcchen.<\/p>\n\n\n\n<p><strong>Art. 18 DSGVO: Recht auf Einschr\u00e4nkung der Verarbeitung<\/strong><br>(1) Die betroffene Person hat das Recht, von dem Verantwortlichen die Einschr\u00e4nkung der Verarbeitung zu verlangen, wenn eine der folgenden Voraussetzungen gegeben ist:<br>a) die Richtigkeit der personenbezogenen Daten von der betroffenen Person bestritten wird, und zwar f\u00fcr eine Dauer, die es dem Verantwortlichen erm\u00f6glicht, die Richtigkeit der personenbezogenen Daten zu \u00fcberpr\u00fcfen,<br>b) die Verarbeitung unrechtm\u00e4\u00dfig ist und die betroffene Person die L\u00f6schung der personenbezogenen Daten ablehnt und stattdessen die Einschr\u00e4nkung der Nutzung der personenbezogenen Daten verlangt;<br>c) der Verantwortliche die personenbezogenen Daten f\u00fcr die Zwecke der Verarbeitung nicht l\u00e4nger ben\u00f6tigt, die betroffene Person sie jedoch zur Geltendmachung, Aus\u00fcbung oder Verteidigung von Rechtsanspr\u00fcchen ben\u00f6tigt, oder<br>d) die betroffene Person Widerspruch gegen die Verarbeitung gem\u00e4\u00df Artikel 21 Absatz 1 eingelegt hat, solange noch nicht feststeht, ob die berechtigten Gr\u00fcnde des Verantwortlichen gegen\u00fcber denen der betroffenen Person \u00fcberwiegen.<br>(2) Wurde die Verarbeitung gem\u00e4\u00df Absatz 1 eingeschr\u00e4nkt, so d\u00fcrfen diese personenbezogenen Daten \u2013 von ihrer Speicherung abgesehen \u2013 nur mit Einwilligung der betroffenen Person oder zur Geltendmachung, Aus\u00fcbung oder Verteidigung von Rechtsanspr\u00fcchen oder zum Schutz der Rechte einer anderen nat\u00fcrlichen oder juristischen Person oder aus Gr\u00fcnden eines wichtigen \u00f6ffentlichen Interesses der Union oder eines Mitgliedstaats verarbeitet werden.<br>(3) Eine betroffene Person, die eine Einschr\u00e4nkung der Verarbeitung gem\u00e4\u00df Absatz 1 erwirkt hat, wird von dem Verantwortlichen unterrichtet, bevor die Einschr\u00e4nkung aufgehoben wird.<\/p>\n\n\n\n<p><strong>Art. 20 DSGVO: Recht auf Daten\u00fcbertragbarkeit<\/strong><br>(1) Die betroffene Person hat das Recht, die sie betreffenden personenbezogenen Daten, die sie einem Verantwortlichen bereitgestellt hat, in einem strukturierten, g\u00e4ngigen und maschinenlesbaren Format zu erhalten, und sie hat das Recht, diese Daten einem anderen Verantwortlichen ohne Behinderung durch den Verantwortlichen, dem die personenbezogenen Daten bereitgestellt wurden, zu \u00fcbermitteln, sofern<br>a) die Verarbeitung auf einer Einwilligung gem\u00e4\u00df Artikel 6 Absatz 1 Buchstabe a oder Artikel 9 Absatz 2 Buchstabe a oder auf einem Vertrag gem\u00e4\u00df Artikel 6 Absatz 1 Buchstabe b beruht und<br>b) die Verarbeitung mithilfe automatisierter Verfahren erfolgt.<br>(2) Bei der Aus\u00fcbung ihres Rechts auf Daten\u00fcbertragbarkeit gem\u00e4\u00df Absatz 1 hat die betroffene Person das Recht, zu erwirken, dass die personenbezogenen Daten direkt von einem Verantwortlichen einem anderen Verantwortlichen \u00fcbermittelt werden, soweit dies technisch machbar ist.<br>(3) Die Aus\u00fcbung des Rechts nach Absatz 1 des vorliegenden Artikels l\u00e4sst Artikel 17 unber\u00fchrt. Dieses Recht gilt nicht f\u00fcr eine Verarbeitung, die f\u00fcr die Wahrnehmung einer Aufgabe erforderlich ist, die im \u00f6ffentlichen Interesse liegt oder in Aus\u00fcbung \u00f6ffentlicher Gewalt erfolgt, die dem Verantwortlichen \u00fcbertragen wurde.<br>(4) Das Recht gem\u00e4\u00df Absatz 1 darf die Rechte und Freiheiten anderer Personen nicht beeintr\u00e4chtigen.<\/p>\n\n\n\n<p><strong>Art. 21 DSGVO: Widerspruchsrecht<\/strong><br>(1) Die betroffene Person hat das Recht, aus Gr\u00fcnden, die sich aus ihrer besonderen Situation ergeben, jederzeit gegen die Verarbeitung sie betreffender personenbezogener Daten, die aufgrund von Artikel <a href=\"https:\/\/dejure.org\/gesetze\/DSGVO\/6.html\">6<\/a> Absatz 1 Buchstaben e oder f erfolgt, Widerspruch einzulegen; dies gilt auch f\u00fcr ein auf diese Bestimmungen gest\u00fctztes Profiling. Der Verantwortliche verarbeitet die personenbezogenen Daten nicht mehr, es sei denn, er kann zwingende schutzw\u00fcrdige Gr\u00fcnde f\u00fcr die Verarbeitung nachweisen, die die Interessen, Rechte und Freiheiten der betroffenen Person \u00fcberwiegen, oder die Verarbeitung dient der Geltendmachung, Aus\u00fcbung oder Verteidigung von Rechtsanspr\u00fcchen.<br>(2) Werden personenbezogene Daten verarbeitet, um Direktwerbung zu betreiben, so hat die betroffene Person das Recht, jederzeit Widerspruch gegen die Verarbeitung sie betreffender personenbezogener Daten zum Zwecke derartiger Werbung einzulegen; dies gilt auch f\u00fcr das Profiling, soweit es mit solcher Direktwerbung in Verbindung steht.<br>(3) Widerspricht die betroffene Person der Verarbeitung f\u00fcr Zwecke der Direktwerbung, so werden die personenbezogenen Daten nicht mehr f\u00fcr diese Zwecke verarbeitet.<br>(4) Die betroffene Person muss sp\u00e4testens zum Zeitpunkt der ersten Kommunikation mit ihr ausdr\u00fccklich auf das in den Abs\u00e4tzen 1 und 2 genannte Recht hingewiesen werden; dieser Hinweis hat in einer verst\u00e4ndlichen und von anderen Informationen getrennten Form zu erfolgen.<br>(5) Im Zusammenhang mit der Nutzung von Diensten der Informationsgesellschaft kann die betroffene Person ungeachtet der <a href=\"http:\/\/eur-lex.europa.eu\/legal-content\/DE\/TXT\/?uri=celex:32002L0058&amp;locale=de\">Richtlinie 2002\/58\/EG<\/a> ihr Widerspruchsrecht mittels automatisierter Verfahren aus\u00fcben, bei denen technische Spezifikationen verwendet werden.<br>(6) Die betroffene Person hat das Recht, aus Gr\u00fcnden, die sich aus ihrer besonderen Situation ergeben, gegen die sie betreffende Verarbeitung sie betreffender personenbezogener Daten, die zu wissenschaftlichen oder historischen Forschungszwecken oder zu statistischen Zwecken gem\u00e4\u00df Artikel <a href=\"https:\/\/dejure.org\/gesetze\/DSGVO\/89.html\">89<\/a> Absatz 1 erfolgt, Widerspruch einzulegen, es sei denn, die Verarbeitung ist zur Erf\u00fcllung einer im \u00f6ffentlichen Interesse liegenden Aufgabe erforderlich.<\/p>\n\n\n\n<p><strong>Art. 77 DSGVO: Recht auf Beschwerde bei einer Aufsichtsbeh\u00f6rde<\/strong><br>(1) Jede betroffene Person hat unbeschadet eines anderweitigen verwaltungsrechtlichen oder gerichtlichen Rechtsbehelfs das Recht auf Beschwerde bei einer Aufsichtsbeh\u00f6rde, insbesondere in dem Mitgliedstaat ihres gew\u00f6hnlichen Aufenthaltsorts, ihres Arbeitsplatzes oder des Orts des mutma\u00dflichen Versto\u00dfes, wenn die betroffene Person der Ansicht ist, dass die Verarbeitung der sie betreffenden personenbezogenen Daten gegen diese Verordnung verst\u00f6\u00dft.<br>(2) Die Aufsichtsbeh\u00f6rde, bei der die Beschwerde eingereicht wurde, unterrichtet den Beschwerdef\u00fchrer \u00fcber den Stand und die Ergebnisse der Beschwerde einschlie\u00dflich der M\u00f6glichkeit eines gerichtlichen Rechtsbehelfs nach Artikel <a href=\"https:\/\/dejure.org\/gesetze\/DSGVO\/78.html\">78<\/a>.<\/p>\n","protected":false},"excerpt":{"rendered":"<p>1. Name und Kontaktdaten der f\u00fcr die Verarbeitung VerantwortlichenDiese Datenschutzinformation gilt f\u00fcr die Datenverarbeitung durch folgende Verantwortliche: Rechtsanw\u00e4ltin Kiera Nordmann Ferdinand-Rhode-Str. 20, 04107 LeipzigE-Mail: kontakt (at) anwaeltin-nordmann.deTelefon: 0341-86382480 2. Erhebung und Speicherung personenbezogener Daten sowie Art und Zweck von deren Verwendung beim Besuch der WebsiteBeim Aufrufen unserer Website https:\/\/anw\u00e4ltin-nordmann.de werden durch den auf Ihrem Endger\u00e4t [&hellip;]<\/p>\n","protected":false},"author":1,"featured_media":0,"parent":0,"menu_order":0,"comment_status":"closed","ping_status":"open","template":"","meta":{"footnotes":""},"class_list":["post-3","page","type-page","status-publish","hentry"],"jetpack_sharing_enabled":true,"_links":{"self":[{"href":"https:\/\/xn--anwltin-nordmann-xnb.de\/index.php?rest_route=\/wp\/v2\/pages\/3","targetHints":{"allow":["GET"]}}],"collection":[{"href":"https:\/\/xn--anwltin-nordmann-xnb.de\/index.php?rest_route=\/wp\/v2\/pages"}],"about":[{"href":"https:\/\/xn--anwltin-nordmann-xnb.de\/index.php?rest_route=\/wp\/v2\/types\/page"}],"author":[{"embeddable":true,"href":"https:\/\/xn--anwltin-nordmann-xnb.de\/index.php?rest_route=\/wp\/v2\/users\/1"}],"replies":[{"embeddable":true,"href":"https:\/\/xn--anwltin-nordmann-xnb.de\/index.php?rest_route=%2Fwp%2Fv2%2Fcomments&post=3"}],"version-history":[{"count":5,"href":"https:\/\/xn--anwltin-nordmann-xnb.de\/index.php?rest_route=\/wp\/v2\/pages\/3\/revisions"}],"predecessor-version":[{"id":59,"href":"https:\/\/xn--anwltin-nordmann-xnb.de\/index.php?rest_route=\/wp\/v2\/pages\/3\/revisions\/59"}],"wp:attachment":[{"href":"https:\/\/xn--anwltin-nordmann-xnb.de\/index.php?rest_route=%2Fwp%2Fv2%2Fmedia&parent=3"}],"curies":[{"name":"wp","href":"https:\/\/api.w.org\/{rel}","templated":true}]}}