{"id":26,"date":"2022-10-12T20:17:06","date_gmt":"2022-10-12T20:17:06","guid":{"rendered":"https:\/\/xn--anwltin-nordmann-xnb.de\/?page_id=26"},"modified":"2025-02-27T09:01:51","modified_gmt":"2025-02-27T09:01:51","slug":"impressum","status":"publish","type":"page","link":"https:\/\/xn--anwltin-nordmann-xnb.de\/?page_id=26","title":{"rendered":"Impressum"},"content":{"rendered":"\n<p>Verantwortlich im Sinne von \u00a7 5 TMG und DL-InfoV:<br>Rechtsanw\u00e4ltin Kiera Nordmann<\/p>\n\n\n\n<p>Ferdinand-Rhode-Str. 20, 04107 Leipzig<br>E-Mail: kontakt (at) anwaeltin-nordmann.de<br>Telefon: 0341-86382480<br><br>Rechtsanw\u00e4ltin Nordmann ist zugelassen nach dem Recht der Bundesrepublik Deutschland und Mitglied der <a href=\"http:\/\/www.rak-sachsen.de\">Rechtsanwaltskammer Sachsen<\/a>, Glacisstr. 6, 01099 Dresden, info@rak-sachsen.de (zust\u00e4ndige Aufsichtsbeh\u00f6rde).<br><br>Berufshaftpflichtversicherung:<br>N\u00fcrnberger Versicherung, Ostendstr. 100, 90334 N\u00fcrnberg<br><br>Es gelten folgende berufsrechtliche Regelungen: Bundesrechtsanwaltsordnung \u2013 BRAO; Berufsordnung f\u00fcr Rechtsanw\u00e4lte \u2013 BORA; Fachanwaltsordnung \u2013 FAO; Rechtsanwaltsverg\u00fctungsgesetz \u2013 RVG; Berufsregeln der Rechtsanw\u00e4lte der Europ\u00e4ischen Gemeinschaft \u2013 CCBE<br>Diese Regelungen finden Sie auf der <a href=\"http:\/\/www.brak.de\/fuer-anwaelte\/berufsrecht\">Homepage der Bundesrechtsanwaltskammer<\/a>.<br><br>Hinweise:<br>Die Verantwortliche dieser Homepage distanziert sich hiermit ausdr\u00fccklich von allen Inhalten s\u00e4mtlicher verlinkter Homepages. Es wird darauf verwiesen, dass weder Einfluss auf Gestaltung und Inhalte der verlinkten Homepages besteht, noch sich deren Inhalt zu Eigen gemacht wird.<br>Die Inhalte der Homepage sind nach bestem Wissen gepr\u00fcft und erstellt worden. Dennoch erheben die Angaben keinen Anspruch auf Aktualit\u00e4t, Vollst\u00e4ndigkeit und Richtigkeit. F\u00fcr Sch\u00e4den, die im Vertrauen auf die Inhalte dieser Homepage entstehen, wird keinerlei Haftung \u00fcbernommen.<br>Insbesondere stellen die Inhalte auch keine Rechtsberatung oder sonstige anwaltliche Dienstleistung dar. F\u00fcr die Begr\u00fcndung eines Mandates und eine Rechtsberatung ist ein pers\u00f6nlicher Kontakt und eine Mandatsannahme durch die Kanzlei notwendig. Eine blo\u00dfe Kontaktaufnahme Ihrerseits oder die ungefragte Zusendung Ihrer Unterlagen begr\u00fcndet kein Mandatsverh\u00e4ltnis. Kontaktieren Sie uns gerne zur Verabredung eines Termins.<br><br>Urheber*innenrechte:<br>Die Urheber*innenrechte f\u00fcr die Inhalte dieser Seite liegen, soweit nicht anders gekennzeichnet, bei der Kanzlei. Die Einschaltung eines*einer Rechtsanw\u00e4lt*in zur kostenpflichtige Abmahnung entspricht nicht meinem tats\u00e4chlichen oder mutma\u00dflichen Willen.<\/p>\n","protected":false},"excerpt":{"rendered":"<p>Verantwortlich im Sinne von \u00a7 5 TMG und DL-InfoV:Rechtsanw\u00e4ltin Kiera Nordmann Ferdinand-Rhode-Str. 20, 04107 LeipzigE-Mail: kontakt (at) anwaeltin-nordmann.deTelefon: 0341-86382480 Rechtsanw\u00e4ltin Nordmann ist zugelassen nach dem Recht der Bundesrepublik Deutschland und Mitglied der Rechtsanwaltskammer Sachsen, Glacisstr. 6, 01099 Dresden, info@rak-sachsen.de (zust\u00e4ndige Aufsichtsbeh\u00f6rde). Berufshaftpflichtversicherung:N\u00fcrnberger Versicherung, Ostendstr. 100, 90334 N\u00fcrnberg Es gelten folgende berufsrechtliche Regelungen: Bundesrechtsanwaltsordnung \u2013 BRAO; [&hellip;]<\/p>\n","protected":false},"author":1,"featured_media":0,"parent":0,"menu_order":0,"comment_status":"closed","ping_status":"closed","template":"","meta":{"footnotes":""},"class_list":["post-26","page","type-page","status-publish","hentry"],"jetpack_sharing_enabled":true,"_links":{"self":[{"href":"https:\/\/xn--anwltin-nordmann-xnb.de\/index.php?rest_route=\/wp\/v2\/pages\/26","targetHints":{"allow":["GET"]}}],"collection":[{"href":"https:\/\/xn--anwltin-nordmann-xnb.de\/index.php?rest_route=\/wp\/v2\/pages"}],"about":[{"href":"https:\/\/xn--anwltin-nordmann-xnb.de\/index.php?rest_route=\/wp\/v2\/types\/page"}],"author":[{"embeddable":true,"href":"https:\/\/xn--anwltin-nordmann-xnb.de\/index.php?rest_route=\/wp\/v2\/users\/1"}],"replies":[{"embeddable":true,"href":"https:\/\/xn--anwltin-nordmann-xnb.de\/index.php?rest_route=%2Fwp%2Fv2%2Fcomments&post=26"}],"version-history":[{"count":4,"href":"https:\/\/xn--anwltin-nordmann-xnb.de\/index.php?rest_route=\/wp\/v2\/pages\/26\/revisions"}],"predecessor-version":[{"id":56,"href":"https:\/\/xn--anwltin-nordmann-xnb.de\/index.php?rest_route=\/wp\/v2\/pages\/26\/revisions\/56"}],"wp:attachment":[{"href":"https:\/\/xn--anwltin-nordmann-xnb.de\/index.php?rest_route=%2Fwp%2Fv2%2Fmedia&parent=26"}],"curies":[{"name":"wp","href":"https:\/\/api.w.org\/{rel}","templated":true}]}}