{"id":24,"date":"2022-10-12T20:16:22","date_gmt":"2022-10-12T20:16:22","guid":{"rendered":"https:\/\/xn--anwltin-nordmann-xnb.de\/?page_id=24"},"modified":"2025-02-27T09:14:53","modified_gmt":"2025-02-27T09:14:53","slug":"kontakt","status":"publish","type":"page","link":"https:\/\/xn--anwltin-nordmann-xnb.de\/?page_id=24","title":{"rendered":"Kontakt"},"content":{"rendered":"\n<p><strong>Seit dem 25. Februar 2025 finden Sie unsere Kanzlei in der Ferdinand-Rhode-Str. 20 in 04107 Leipzig.<\/strong><\/p>\n\n\n\n<p>Bitte beachten Sie, dass google maps teilweise einen falschen Standort anzeigt. Das B\u00fcro befindet sich in unmittelbarer N\u00e4he zum Caf\u00e9 R\u00f6seling in der Ferdinand-Rhode-Str. und nicht in der Innenstadt.<\/p>\n\n\n\n<p>Wenn Sie einen Termin vereinbaren m\u00f6chten, kontaktieren Sie mich bitte  per E-Mail oder Telefon. <\/p>\n\n\n\n<p>Adresse: Ferdinand-Rhode-Str. 20, 04107 Leipzig<\/p>\n\n\n\n<p>Telefon: 0341-86382480<\/p>\n\n\n\n<p>Email: kontakt (at) anwaeltin-nordmann.de<\/p>\n\n\n\n<p>Sie erreichen mich Montag und Mittwoch zwischen 9 und 12 Uhr und Dienstag, Donnerstag und Freitag zwischen 11 und 12 Uhr. Au\u00dferhalb dieser Zeiten sprechen Sie mir gerne aufs Band oder senden Sie mir eine E-Mail.<\/p>\n\n\n\n<p><\/p>\n\n\n\n<p><\/p>\n","protected":false},"excerpt":{"rendered":"<p>Seit dem 25. Februar 2025 finden Sie unsere Kanzlei in der Ferdinand-Rhode-Str. 20 in 04107 Leipzig. Bitte beachten Sie, dass google maps teilweise einen falschen Standort anzeigt. Das B\u00fcro befindet sich in unmittelbarer N\u00e4he zum Caf\u00e9 R\u00f6seling in der Ferdinand-Rhode-Str. und nicht in der Innenstadt. Wenn Sie einen Termin vereinbaren m\u00f6chten, kontaktieren Sie mich bitte [&hellip;]<\/p>\n","protected":false},"author":1,"featured_media":0,"parent":0,"menu_order":0,"comment_status":"closed","ping_status":"closed","template":"","meta":{"footnotes":""},"class_list":["post-24","page","type-page","status-publish","hentry"],"jetpack_sharing_enabled":true,"_links":{"self":[{"href":"https:\/\/xn--anwltin-nordmann-xnb.de\/index.php?rest_route=\/wp\/v2\/pages\/24","targetHints":{"allow":["GET"]}}],"collection":[{"href":"https:\/\/xn--anwltin-nordmann-xnb.de\/index.php?rest_route=\/wp\/v2\/pages"}],"about":[{"href":"https:\/\/xn--anwltin-nordmann-xnb.de\/index.php?rest_route=\/wp\/v2\/types\/page"}],"author":[{"embeddable":true,"href":"https:\/\/xn--anwltin-nordmann-xnb.de\/index.php?rest_route=\/wp\/v2\/users\/1"}],"replies":[{"embeddable":true,"href":"https:\/\/xn--anwltin-nordmann-xnb.de\/index.php?rest_route=%2Fwp%2Fv2%2Fcomments&post=24"}],"version-history":[{"count":6,"href":"https:\/\/xn--anwltin-nordmann-xnb.de\/index.php?rest_route=\/wp\/v2\/pages\/24\/revisions"}],"predecessor-version":[{"id":66,"href":"https:\/\/xn--anwltin-nordmann-xnb.de\/index.php?rest_route=\/wp\/v2\/pages\/24\/revisions\/66"}],"wp:attachment":[{"href":"https:\/\/xn--anwltin-nordmann-xnb.de\/index.php?rest_route=%2Fwp%2Fv2%2Fmedia&parent=24"}],"curies":[{"name":"wp","href":"https:\/\/api.w.org\/{rel}","templated":true}]}}